{"id":15929,"date":"2025-03-22T23:38:26","date_gmt":"2025-03-22T20:38:26","guid":{"rendered":"https:\/\/caravanlifesapanca.com\/?page_id=15929"},"modified":"2025-03-23T00:20:53","modified_gmt":"2025-03-22T21:20:53","slug":"reservation","status":"publish","type":"page","link":"https:\/\/caravanlifesapanca.com\/en\/reservation","title":{"rendered":"Reservation"},"content":{"rendered":"<div data-elementor-type=\"wp-page\" data-elementor-id=\"15929\" class=\"elementor elementor-15929\" data-elementor-post-type=\"page\">\n\t\t\t\t<div class=\"wd-negative-gap elementor-element elementor-element-07405e2 e-flex e-con-boxed e-con e-parent\" data-id=\"07405e2\" data-element_type=\"container\" data-e-type=\"container\">\n\t\t\t\t\t<div class=\"e-con-inner\">\n\t\t\t\t<div class=\"elementor-element elementor-element-bb12e47 elementor-widget elementor-widget-shortcode\" data-id=\"bb12e47\" data-element_type=\"widget\" data-e-type=\"widget\" data-widget_type=\"shortcode.default\">\n\t\t\t\t<div class=\"elementor-widget-container\">\n\t\t\t\t\t\t\t<div class=\"elementor-shortcode\"><div class='fluentform ff-default fluentform_wrapper_3 ffs_default_wrap'><form data-form_id=\"3\" id=\"fluentform_3\" class=\"frm-fluent-form fluent_form_3 ff-el-form-top ff_form_instance_3_1 ff-form-loading ffs_default\" data-form_instance=\"ff_form_instance_3_1\" method=\"POST\" action=\"\" ><fieldset  style=\"border: none!important;margin: 0!important;padding: 0!important;background-color: transparent!important;box-shadow: none!important;outline: none!important; min-inline-size: 100%;\">\n                    <legend class=\"ff_screen_reader_title\" style=\"display: block; margin: 0!important;padding: 0!important;height: 0!important;text-indent: -999999px;width: 0!important;overflow:hidden;\">Reservation Form<\/legend><input type='hidden' name='__fluent_form_embded_post_id' value='15929' \/><input type=\"hidden\" id=\"_fluentform_3_fluentformnonce\" name=\"_fluentform_3_fluentformnonce\" value=\"7b34bcfd5d\" \/><input type=\"hidden\" name=\"_wp_http_referer\" value=\"\/en\/wp-json\/wp\/v2\/pages\/15929\" \/><div class='ff-el-group  ff-custom_html' data-name=\"custom_html-3_1\" ><h5>Personal Information<\/h5><\/div><div data-name=\"ff_cn_id_1\"  class='ff-t-container ff-column-container ff_columns_total_4'><div class='ff-t-cell ff-t-column-1' style='flex-basis: 25%;'><div class='ff-el-group'><div class=\"ff-el-input--label ff-el-is-required asterisk-right\"><label for='ff_3_input_text_1' aria-label=\"Name\">Name<\/label><\/div><div class='ff-el-input--content'><input type=\"text\" name=\"input_text_1\" class=\"ff-el-form-control\" data-name=\"input_text_1\" id=\"ff_3_input_text_1\"  aria-invalid=\"false\" aria-required=\"true\"><\/div><\/div><\/div><div class='ff-t-cell ff-t-column-2' style='flex-basis: 25%;'><div class='ff-el-group'><div class=\"ff-el-input--label ff-el-is-required asterisk-right\"><label for='ff_3_input_text_2' aria-label=\"Surname\">Surname<\/label><\/div><div class='ff-el-input--content'><input type=\"text\" name=\"input_text_2\" class=\"ff-el-form-control\" data-name=\"input_text_2\" id=\"ff_3_input_text_2\"  aria-invalid=\"false\" aria-required=\"true\"><\/div><\/div><\/div><div class='ff-t-cell ff-t-column-3' style='flex-basis: 25%;'><div class='ff-el-group'><div class=\"ff-el-input--label ff-el-is-required asterisk-right\"><label for='ff_3_phone' aria-label=\"Telephone\">Telephone<\/label><\/div><div class='ff-el-input--content'><input name=\"phone\" class=\"ff-el-form-control ff-el-phone ff_el_with_extended_validation\" type=\"tel\" data-name=\"phone\" id=\"ff_3_phone\" inputmode=\"tel\"  aria-invalid='false' aria-required=\"true\"><\/div><\/div><\/div><div class='ff-t-cell ff-t-column-4' style='flex-basis: 25%;'><div class='ff-el-group'><div class=\"ff-el-input--label ff-el-is-required asterisk-right\"><label for='ff_3_email' aria-label=\"Email\">Email<\/label><\/div><div class='ff-el-input--content'><input type=\"email\" name=\"email\" id=\"ff_3_email\" class=\"ff-el-form-control\" data-name=\"email\"  aria-invalid=\"false\" aria-required=\"true\"><\/div><\/div><\/div><\/div><div class='ff-el-group  ff-custom_html frmbaslik' data-name=\"custom_html-3_2\" ><h5>Reservation Information<\/h5><\/div><div data-name=\"ff_cn_id_2\"  class='ff-t-container ff-column-container ff_columns_total_4'><div class='ff-t-cell ff-t-column-1' style='flex-basis: 25%;'><div class='ff-el-group'><div class=\"ff-el-input--label ff-el-is-required asterisk-right\"><label for='ff_3_datetime' aria-label=\"Entry Date\">Entry Date<\/label><\/div><div class='ff-el-input--content'><input  aria-label='Giri\u015f Tarihi Use arrow keys to navigate dates. Press enter to select a date.'  aria-haspopup='dialog' data-type-datepicker data-format='d.m.Y' type=\"text\" name=\"datetime\" id=\"ff_3_datetime\" class=\"ff-el-form-control ff-el-datepicker\" data-name=\"datetime\"  aria-invalid='false' aria-required=\"true\"><\/div><\/div><\/div><div class='ff-t-cell ff-t-column-2' style='flex-basis: 25%;'><div class='ff-el-group'><div class=\"ff-el-input--label ff-el-is-required asterisk-right\"><label for='ff_3_datetime_1' aria-label=\"Release Date\">Release Date<\/label><\/div><div class='ff-el-input--content'><input  aria-label='\u00c7\u0131k\u0131\u015f Tarihi Use arrow keys to navigate dates. Press enter to select a date.'  aria-haspopup='dialog' data-type-datepicker data-format='d.m.Y' type=\"text\" name=\"datetime_1\" id=\"ff_3_datetime_1\" class=\"ff-el-form-control ff-el-datepicker\" data-name=\"datetime_1\"  aria-invalid='false' aria-required=\"true\"><\/div><\/div><\/div><div class='ff-t-cell ff-t-column-3' style='flex-basis: 25%;'><div class='ff-el-group'><div class=\"ff-el-input--label ff-el-is-required asterisk-right\"><label for='ff_3_numeric_field' aria-label=\"Adult\">Adult<\/label><\/div><div class='ff-el-input--content'><input type=\"number\" name=\"numeric_field\" id=\"ff_3_numeric_field\" class=\"ff-el-form-control\" data-name=\"numeric_field\" inputmode=\"numeric\" step=\"any\" min=\"1\" aria-valuemin=\"1\"  aria-invalid=\"false\" aria-required=\"true\"><\/div><\/div><\/div><div class='ff-t-cell ff-t-column-4' style='flex-basis: 25%;'><div class='ff-el-group'><div class=\"ff-el-input--label ff-el-is-required asterisk-right\"><label for='ff_3_numeric_field_1' aria-label=\"Child\">Child<\/label><\/div><div class='ff-el-input--content'><input type=\"number\" name=\"numeric_field_1\" id=\"ff_3_numeric_field_1\" class=\"ff-el-form-control\" data-name=\"numeric_field_1\" inputmode=\"numeric\" step=\"any\" min=\"1\" aria-valuemin=\"1\"  aria-invalid=\"false\" aria-required=\"true\"><\/div><\/div><\/div><\/div><div class='ff-el-group  ff-custom_html frmbaslik' data-name=\"custom_html-3_3\" ><h5>Caravan Information<\/h5><\/div><div data-name=\"ff_cn_id_3\"  class='ff-t-container ff-column-container ff_columns_total_4'><div class='ff-t-cell ff-t-column-1' style='flex-basis: 25%;'><div class='ff-el-group'><div class=\"ff-el-input--label ff-el-is-required asterisk-right\"><label for='ff_3_dropdown' aria-label=\"Caravan Type\">Caravan Type<\/label><\/div><div class='ff-el-input--content'><select name=\"dropdown\" id=\"ff_3_dropdown\" class=\"ff-el-form-control\" data-name=\"dropdown\" data-calc_value=\"0\"  aria-invalid=\"false\" aria-required=\"true\"><option value=\"\">- Select<\/option><option value=\"\u00c7ekme Karavan\"  >Towing Caravan<\/option><option value=\"Motokaravan (Panelvan)\"  >Motorhome (Panelvan)<\/option><option value=\"Motokaravan (Kamyonet\/Minib\u00fcs \u015ease)\"  >Motorhome (Lorry\/Minibus Chassis)<\/option><option value=\"Overland (Off-Road)\"  >Overland (Off-Road)<\/option><option value=\"Ara\u00e7 \u00dcst\u00fc \u00c7ad\u0131r\"  >Vehicle Mounted Tent<\/option><option value=\"Di\u011fer\"  >Other<\/option><\/select><\/div><\/div><\/div><div class='ff-t-cell ff-t-column-2' style='flex-basis: 25%;'><div class='ff-el-group'><div class=\"ff-el-input--label ff-el-is-required asterisk-right\"><label for='ff_3_dropdown_1' aria-label=\"Caravan Length\">Caravan Length<\/label><\/div><div class='ff-el-input--content'><select name=\"dropdown_1\" id=\"ff_3_dropdown_1\" class=\"ff-el-form-control\" data-name=\"dropdown_1\" data-calc_value=\"0\"  aria-invalid=\"false\" aria-required=\"true\"><option value=\"\">- Select<\/option><option value=\"0\u20135 m\"  >0-5 m<\/option><option value=\"5\u20137 m\"  >5-7 m<\/option><option value=\"7\u20139 m\"  >7-9 m<\/option><option value=\"9 m ve \u00fczeri\"  >9 m and above<\/option><\/select><\/div><\/div><\/div><div class='ff-t-cell ff-t-column-3' style='flex-basis: 25%;'><div class='ff-el-group'><div class=\"ff-el-input--label ff-el-is-required asterisk-right\"><label for='ff_3_input_text' aria-label=\"Vehicle Licence Plate\">Vehicle Licence Plate<\/label><\/div><div class='ff-el-input--content'><input type=\"text\" name=\"input_text\" class=\"ff-el-form-control\" data-name=\"input_text\" id=\"ff_3_input_text\"  aria-invalid=\"false\" aria-required=\"true\"><\/div><\/div><\/div><div class='ff-t-cell ff-t-column-4' style='flex-basis: 25%;'><div class='ff-el-group'><div class=\"ff-el-input--label ff-el-is-required asterisk-right\"><label for='ff_3_dropdown_2' aria-label=\"Are you bringing a pet?\">Are you bringing a pet?<\/label><\/div><div class='ff-el-input--content'><select name=\"dropdown_2\" id=\"ff_3_dropdown_2\" class=\"ff-el-form-control\" data-name=\"dropdown_2\" data-calc_value=\"0\"  aria-invalid=\"false\" aria-required=\"true\"><option value=\"\">- Select<\/option><option value=\"Evet\"  >Yes<\/option><option value=\"Hay\u0131r\"  >No.<\/option><\/select><\/div><\/div><\/div><\/div><div class='ff-el-group    ff-el-input--content'><div class='ff-el-form-check ff-el-tc'><label aria-label='Terms and Conditions: Rezervasyon ve iptal ko\u015fullar\u0131n\u0131 okudum ve kabul ediyorum. Contains 1 link. Use tab navigation to review.' class='ff-el-form-check-label ff_tc_label' for=\"terms-n-condition_e3367a3bfd4feb844039b9c9eb1c8cd0\"><span class='ff_tc_checkbox'><input type=\"checkbox\" name=\"terms-n-condition\" class=\"ff-el-form-check-input\" data-name=\"terms-n-condition\" id=\"terms-n-condition_e3367a3bfd4feb844039b9c9eb1c8cd0\"  value='on' aria-invalid='false' aria-required=\"true\"><\/span> <div class='ff_t_c'><p><a href=\"https:\/\/caravanlifesapanca.com\/en\/reservation-and-cancellation-conditions\/\" target=\"_blank\" rel=\"noopener\">Booking and cancellation conditions<\/a> I have read and accept.<\/p><\/div><\/label><\/div><\/div><div class='ff-el-group    ff-el-input--content'><div class='ff-el-form-check ff-el-tc'><label aria-label='Terms and Conditions: KVKK kapsam\u0131nda ki\u015fisel verilerimin i\u015flenmesine onay veriyorum. Contains 1 link. Use tab navigation to review.' class='ff-el-form-check-label ff_tc_label' for=\"terms-n-condition_1_8aac9ba7b76e66e54b8b5a14bc6271d8\"><span class='ff_tc_checkbox'><input type=\"checkbox\" name=\"terms-n-condition_1\" class=\"ff-el-form-check-input\" data-name=\"terms-n-condition_1\" id=\"terms-n-condition_1_8aac9ba7b76e66e54b8b5a14bc6271d8\"  value='on' aria-invalid='false' aria-required=\"true\"><\/span> <div class='ff_t_c'><p><a href=\"https:\/\/caravanlifesapanca.com\/en\/kvkk-disclosure-text-and-declaration-of-explicit-consent\/\" target=\"_blank\" rel=\"noopener\">My personal data within the scope of KVKK<\/a> I consent to the processing.<\/p><\/div><\/label><\/div><\/div><div class='ff-el-group    ff-el-input--content'><div class='ff-el-form-check ff-el-tc'><label aria-label='Terms and Conditions: Gizlilik politikas\u0131n\u0131 okudum, kabul ediyorum. Contains 1 link. Use tab navigation to review.' class='ff-el-form-check-label ff_tc_label' for=\"terms-n-condition_2_c3e05d08935b58f5756145366ac1960c\"><span class='ff_tc_checkbox'><input type=\"checkbox\" name=\"terms-n-condition_2\" class=\"ff-el-form-check-input\" data-name=\"terms-n-condition_2\" id=\"terms-n-condition_2_c3e05d08935b58f5756145366ac1960c\"  value='on' aria-invalid='false' aria-required=\"true\"><\/span> <div class='ff_t_c'><p><a href=\"https:\/\/caravanlifesapanca.com\/en\/privacy-policy\/\" target=\"_blank\" rel=\"noopener\">Privacy policy<\/a> I've read it, I accept it.<\/p><\/div><\/label><\/div><\/div><div class='ff-el-group ff-text-left ff_submit_btn_wrapper'><button type=\"submit\" class=\"ff-btn ff-btn-submit ff-btn-md subbutton ff_btn_style\" >Create Booking<\/button><\/div><\/fieldset><input type=\"hidden\" name=\"trp-form-language\" value=\"en\"\/><\/form><div id='fluentform_3_errors' class='ff-errors-in-stack ff_form_instance_3_1 ff-form-loading_errors ff_form_instance_3_1_errors'><\/div><\/div>        <script type=\"text\/javascript\">\n            window.fluent_form_ff_form_instance_3_1 = {\"id\":\"3\",\"settings\":{\"layout\":{\"labelPlacement\":\"top\",\"asteriskPlacement\":\"asterisk-right\",\"helpMessagePlacement\":\"with_label\",\"errorMessagePlacement\":\"inline\",\"cssClassName\":\"\"},\"restrictions\":{\"denyEmptySubmission\":{\"enabled\":false}}},\"form_instance\":\"ff_form_instance_3_1\",\"form_id_selector\":\"fluentform_3\",\"rules\":{\"input_text_1\":{\"required\":{\"value\":true,\"message\":\"This field is required\",\"global_message\":\"Bu alan zorunludur\",\"global\":true}},\"input_text_2\":{\"required\":{\"value\":true,\"message\":\"This field is required\",\"global_message\":\"Bu alan zorunludur\",\"global\":true}},\"phone\":{\"required\":{\"value\":true,\"global\":true,\"message\":\"This field is required\",\"global_message\":\"Bu alan zorunludur\"},\"valid_phone_number\":{\"value\":true,\"global\":true,\"message\":\"Phone number is not valid\",\"global_message\":\"Telefon numaras\\u0131 ge\\u00e7erli de\\u011fil\"}},\"email\":{\"required\":{\"value\":true,\"message\":\"This field is required\",\"global_message\":\"Bu alan zorunludur\",\"global\":true},\"email\":{\"value\":true,\"message\":\"This field must contain a valid email\",\"global_message\":\"Bu alan ge\\u00e7erli bir e-posta i\\u00e7ermelidir\",\"global\":true}},\"datetime\":{\"required\":{\"value\":true,\"message\":\"This field is required\",\"global_message\":\"Bu alan zorunludur\",\"global\":true}},\"datetime_1\":{\"required\":{\"value\":true,\"message\":\"This field is required\",\"global_message\":\"Bu alan zorunludur\",\"global\":true}},\"numeric_field\":{\"required\":{\"value\":true,\"message\":\"This field is required\",\"global_message\":\"Bu alan zorunludur\",\"global\":true},\"numeric\":{\"value\":true,\"message\":\"This field must contain numeric value\",\"global_message\":\"Bu alan say\\u0131sal de\\u011fer i\\u00e7ermelidir\",\"global\":true},\"min\":{\"value\":\"1\",\"message\":\"Validation fails for minimum value\",\"global_message\":\"Minimum de\\u011fer i\\u00e7in do\\u011frulama ba\\u015far\\u0131s\\u0131z\",\"global\":true},\"max\":{\"value\":\"\",\"message\":\"Validation fails for maximum value\",\"global_message\":\"Maksimum de\\u011fer i\\u00e7in do\\u011frulama ba\\u015far\\u0131s\\u0131z\",\"global\":true},\"digits\":{\"value\":\"\",\"message\":\"Validation fails for limited digits\",\"global_message\":\"Do\\u011frulama s\\u0131n\\u0131rl\\u0131 rakamlar i\\u00e7in ba\\u015far\\u0131s\\u0131z oluyor\",\"global\":true}},\"numeric_field_1\":{\"required\":{\"value\":true,\"message\":\"This field is required\",\"global_message\":\"Bu alan zorunludur\",\"global\":true},\"numeric\":{\"value\":true,\"message\":\"This field must contain numeric value\",\"global_message\":\"Bu alan say\\u0131sal de\\u011fer i\\u00e7ermelidir\",\"global\":true},\"min\":{\"value\":\"1\",\"message\":\"Validation fails for minimum value\",\"global_message\":\"Minimum de\\u011fer i\\u00e7in do\\u011frulama ba\\u015far\\u0131s\\u0131z\",\"global\":true},\"max\":{\"value\":\"\",\"message\":\"Validation fails for maximum value\",\"global_message\":\"Maksimum de\\u011fer i\\u00e7in do\\u011frulama ba\\u015far\\u0131s\\u0131z\",\"global\":true},\"digits\":{\"value\":\"\",\"message\":\"Validation fails for limited digits\",\"global_message\":\"Do\\u011frulama s\\u0131n\\u0131rl\\u0131 rakamlar i\\u00e7in ba\\u015far\\u0131s\\u0131z oluyor\",\"global\":true}},\"dropdown\":{\"required\":{\"value\":true,\"message\":\"This field is required\",\"global_message\":\"Bu alan zorunludur\",\"global\":true}},\"dropdown_1\":{\"required\":{\"value\":true,\"message\":\"This field is required\",\"global_message\":\"Bu alan zorunludur\",\"global\":true}},\"input_text\":{\"required\":{\"value\":true,\"message\":\"This field is required\",\"global_message\":\"Bu alan zorunludur\",\"global\":true}},\"dropdown_2\":{\"required\":{\"value\":true,\"message\":\"This field is required\",\"global_message\":\"Bu alan zorunludur\",\"global\":true}},\"terms-n-condition\":{\"required\":{\"value\":true,\"message\":\"This field is required\",\"global_message\":\"Bu alan zorunludur\",\"global\":true}},\"terms-n-condition_1\":{\"required\":{\"value\":true,\"message\":\"This field is required\",\"global_message\":\"Bu alan zorunludur\",\"global\":true}},\"terms-n-condition_2\":{\"required\":{\"value\":true,\"message\":\"This field is required\",\"global_message\":\"Bu alan zorunludur\",\"global\":true}}},\"debounce_time\":300};\n                    <\/script>\n        <\/div>\n\t\t\t\t\t\t<\/div>\n\t\t\t\t<\/div>\n\t\t\t\t\t<\/div>\n\t\t\t\t<\/div>\n\t\t\t\t<\/div>","protected":false},"excerpt":{"rendered":"","protected":false},"author":1,"featured_media":0,"parent":0,"menu_order":0,"comment_status":"closed","ping_status":"closed","template":"","meta":{"footnotes":""},"class_list":["post-15929","page","type-page","status-publish","hentry"],"_links":{"self":[{"href":"https:\/\/caravanlifesapanca.com\/en\/wp-json\/wp\/v2\/pages\/15929","targetHints":{"allow":["GET"]}}],"collection":[{"href":"https:\/\/caravanlifesapanca.com\/en\/wp-json\/wp\/v2\/pages"}],"about":[{"href":"https:\/\/caravanlifesapanca.com\/en\/wp-json\/wp\/v2\/types\/page"}],"author":[{"embeddable":true,"href":"https:\/\/caravanlifesapanca.com\/en\/wp-json\/wp\/v2\/users\/1"}],"replies":[{"embeddable":true,"href":"https:\/\/caravanlifesapanca.com\/en\/wp-json\/wp\/v2\/comments?post=15929"}],"version-history":[{"count":0,"href":"https:\/\/caravanlifesapanca.com\/en\/wp-json\/wp\/v2\/pages\/15929\/revisions"}],"wp:attachment":[{"href":"https:\/\/caravanlifesapanca.com\/en\/wp-json\/wp\/v2\/media?parent=15929"}],"curies":[{"name":"wp","href":"https:\/\/api.w.org\/{rel}","templated":true}]}}